{"id":5,"date":"2020-01-13T11:17:52","date_gmt":"2020-01-13T11:17:52","guid":{"rendered":"https:\/\/demosites.io\/web-agency-gb\/?page_id=5"},"modified":"2023-03-31T13:51:53","modified_gmt":"2023-03-31T13:51:53","slug":"15c42-web-agency-gb-home","status":"publish","type":"page","link":"http:\/\/www.dfibras.es\/","title":{"rendered":"Inicio"},"content":{"rendered":"\n<div class=\"wp-block-cover alignfull is-light\" style=\"min-height:700px\"><span aria-hidden=\"true\" class=\"wp-block-cover__background has-background-dim-0 has-background-dim\"><\/span><img decoding=\"async\" class=\"wp-block-cover__image-background\" src=\"blob:http:\/\/www.dfibras.es\/8b8d2c72-651a-42a7-a24d-90c4db139483\" data-object-fit=\"cover\"\/><div class=\"wp-block-cover__inner-container\">\n<div style=\"height:80px\" aria-hidden=\"true\" class=\"wp-block-spacer\"><\/div>\n\n\n\n<h1 class=\"has-text-align-center has-text-color\" style=\"color:#121212\">DFIBRAS<\/h1>\n\n\n\n<h1 class=\"has-text-align-center has-text-color\" style=\"color:#121212\">Fibras de polipropileno estructural y antifisuracion<\/h1>\n\n\n\n<p class=\"has-text-align-center has-text-color\" style=\"color:#121212;font-size:17px\">DFIBRAS es una empresa espa\u00f1ola especializada en la distribuci\u00f3n, tanto nacional como internacional.<\/p>\n\n\n\n<div class=\"is-horizontal is-content-justification-center is-layout-flex wp-container-1 wp-block-buttons\">\n<div class=\"wp-block-button is-style-primary\"><a class=\"wp-block-button__link wp-element-button\" href=\"http:\/\/www.dfibras.es\/?page_id=71\">Productos<\/a><\/div>\n\n\n\n<div class=\"wp-block-button is-style-secondary\"><a class=\"wp-block-button__link wp-element-button\" href=\"http:\/\/www.dfibras.es\/?page_id=71\">Contacto<\/a><\/div>\n<\/div>\n\n\n\n<div style=\"height:80px\" aria-hidden=\"true\" class=\"wp-block-spacer\"><\/div>\n\n\n\n<div style=\"height:80px\" aria-hidden=\"true\" class=\"wp-block-spacer\"><\/div>\n<\/div><\/div>\n\n\n\n<div style=\"height:80px\" aria-hidden=\"true\" class=\"wp-block-spacer\"><\/div>\n\n\n\n<div class=\"is-layout-flex wp-container-5 wp-block-columns\">\n<div class=\"is-layout-flow wp-block-column\"><div class=\"wp-block-image icon-style is-style-rounded\">\n<figure class=\"aligncenter size-large\"><img decoding=\"async\" loading=\"lazy\" width=\"72\" height=\"72\" src=\"http:\/\/www.dfibras.es\/wp-content\/uploads\/2020\/01\/neve-webdesign-GB-03.png\" alt=\"\" class=\"wp-image-20\" title=\"\"\/><\/figure><\/div>\n\n\n<h3 class=\"has-text-align-center has-neve-text-color-color has-text-color\">Especialistas de verdad<\/h3>\n\n\n\n<p class=\"has-text-align-center\">Nuestro Know how es \u00fanico, somos especialistas de verdad en la materia, te asesoramos y te ofrecemos las mejores souciones<\/p>\n\n\n\n<div style=\"height:20px\" aria-hidden=\"true\" class=\"wp-block-spacer\"><\/div>\n<\/div>\n\n\n\n<div class=\"is-layout-flow wp-block-column\"><div class=\"wp-block-image icon-style is-style-rounded\">\n<figure class=\"aligncenter size-large\"><img decoding=\"async\" loading=\"lazy\" width=\"72\" height=\"72\" src=\"http:\/\/www.dfibras.es\/wp-content\/uploads\/2020\/01\/neve-webdesign-GB-04.png\" alt=\"\" class=\"wp-image-21\"\/><\/figure><\/div>\n\n\n<h3 class=\"has-text-align-center has-neve-text-color-color has-text-color\">Garant\u00eda y fiabilidad<\/h3>\n\n\n\n<p class=\"has-text-align-center\">Soluciones probadas y de confianza, garantizadas y con la m\u00e1xima fiabilidad del sector, aprovecha nuestra experiencia en el sector.<\/p>\n\n\n\n<div style=\"height:20px\" aria-hidden=\"true\" class=\"wp-block-spacer\"><\/div>\n<\/div>\n\n\n\n<div class=\"is-layout-flow wp-block-column\"><div class=\"wp-block-image icon-style is-style-rounded\">\n<figure class=\"aligncenter size-large\"><img decoding=\"async\" loading=\"lazy\" width=\"72\" height=\"72\" src=\"http:\/\/www.dfibras.es\/wp-content\/uploads\/2020\/01\/neve-webdesign-GB-01.png\" alt=\"\" class=\"wp-image-18\"\/><\/figure><\/div>\n\n\n<h3 class=\"has-text-align-center has-neve-text-color-color has-text-color\">R\u00e1pidez<\/h3>\n\n\n\n<p class=\"has-text-align-center\">Analizamos tus necesidades y te ofrecemos las mejores soluciones, todo en un corto espacio de tiempo desde que contactes con nosotros, cont\u00e1ctanos.<\/p>\n\n\n\n<div style=\"height:20px\" aria-hidden=\"true\" class=\"wp-block-spacer\"><\/div>\n<\/div>\n<\/div>\n\n\n\n<div style=\"height:80px\" aria-hidden=\"true\" class=\"wp-block-spacer\"><\/div>\n\n\n\n<div class=\"wp-block-cover alignfull\" style=\"min-height:600px\"><span aria-hidden=\"true\" class=\"wp-block-cover__background has-nv-light-bg-background-color has-background-dim-100 has-background-dim\"><\/span><div class=\"wp-block-cover__inner-container\">\n<div class=\"is-layout-flow wp-block-group\"><div class=\"wp-block-group__inner-container\">\n<div style=\"height:80px\" aria-hidden=\"true\" class=\"wp-block-spacer\"><\/div>\n\n\n\n<div class=\"is-layout-flex wp-container-9 wp-block-columns are-vertically-aligned-center\">\n<div class=\"is-layout-flow wp-block-column is-vertically-aligned-center\" style=\"flex-basis:50%\">\n<figure class=\"wp-block-image size-full\"><img decoding=\"async\" loading=\"lazy\" width=\"465\" height=\"348\" src=\"http:\/\/www.dfibras.es\/wp-content\/uploads\/2023\/03\/1.jpeg\" alt=\"\" class=\"wp-image-495\" srcset=\"http:\/\/www.dfibras.es\/wp-content\/uploads\/2023\/03\/1.jpeg 465w, http:\/\/www.dfibras.es\/wp-content\/uploads\/2023\/03\/1-300x225.jpeg 300w\" sizes=\"(max-width: 465px) 100vw, 465px\" \/><\/figure>\n<\/div>\n\n\n\n<div class=\"is-layout-flow wp-block-column is-vertically-aligned-center\" style=\"flex-basis:50%\">\n<div style=\"height:20px\" aria-hidden=\"true\" class=\"wp-block-spacer\"><\/div>\n\n\n\n<h2 class=\"has-text-align-left has-neve-text-color-color has-text-color\">Dfibras<\/h2>\n\n\n\n<p class=\"has-text-align-left has-neve-text-color-color has-text-color\" style=\"font-size:17px\">DFIBRAS es una empresa espa\u00f1ola especializada en la distribuci\u00f3n, tanto nacional como\ninternacional, de fibras de polipropileno estructural y antifisuracion. Nuestra gama de productos cuenta con certificado CE.<br>\nLas fibras de polipropileno estructural permiten la sustituci\u00f3n del mallazo y fibra de acero en soleras, todo tipo de morteros, elementos prefabricados y revestimiento de canales,\nsuponiendo, un considerable ahorro en la construcci\u00f3n y en su mantenimiento posterior.<br>\nDisponiendo de una fibra espec\u00edfica para cada uso y con el asesoramiento previo de nuestros t\u00e9cnicos especializados.\nLas fibras de polipropileno antifisuraci\u00f3n se recomiendan para evitar la agrietaci\u00f3n temprana del hormig\u00f3n provocada por la retracci\u00f3n durante el secado. Estando indicado su uso durante\nla realizaci\u00f3n de las superficies cuando estas est\u00e1n especialmente expuestas al viento y al calor.<br>\nNuestros t\u00e9cnicos especializados tambi\u00e9n recomiendan su uso en el revestimiento de t\u00faneles al ser considerado un material de protecci\u00f3n pasiva contra el fuego.<\/p>\n\n\n\n<div class=\"is-horizontal is-content-justification-left is-layout-flex wp-container-7 wp-block-buttons\">\n<div class=\"wp-block-button is-style-primary\"><a class=\"wp-block-button__link wp-element-button\" href=\"http:\/\/www.dfibras.es\/?page_id=71\">Ver productos<\/a><\/div>\n<\/div>\n<\/div>\n<\/div>\n\n\n\n<div style=\"height:40px\" aria-hidden=\"true\" class=\"wp-block-spacer\"><\/div>\n<\/div><\/div>\n<\/div><\/div>\n\n\n\n<div class=\"wp-block-cover alignfull\" style=\"min-height:300px\"><span aria-hidden=\"true\" class=\"wp-block-cover__background has-nv-dark-bg-background-color has-background-dim-100 has-background-dim\"><\/span><div class=\"wp-block-cover__inner-container\">\n<div style=\"height:140px\" aria-hidden=\"true\" class=\"wp-block-spacer\"><\/div>\n\n\n\n<h2 class=\"has-text-align-center has-nv-text-dark-bg-color has-text-color\">Trabajamos contigo<\/h2>\n\n\n\n<p class=\"has-text-align-center\">Deja que formemos parte de t\u00fa equipo y encontremos la soluciones m\u00e1s adecuadas<\/p>\n\n\n\n<div class=\"is-horizontal is-content-justification-center is-layout-flex wp-container-11 wp-block-buttons\">\n<div class=\"wp-block-button is-style-primary\"><a class=\"wp-block-button__link wp-element-button\" href=\"http:\/\/www.dfibras.es\/?page_id=75\">Contacto<\/a><\/div>\n<\/div>\n\n\n\n<div style=\"height:140px\" aria-hidden=\"true\" class=\"wp-block-spacer\"><\/div>\n<\/div><\/div>\n","protected":false},"excerpt":{"rendered":"<p>Especialistas de verdad Nuestro Know how es \u00fanico, somos especialistas de verdad en la materia, te asesoramos y te ofrecemos las mejores souciones Garant\u00eda y fiabilidad Soluciones probadas y de confianza, garantizadas y con la m\u00e1xima fiabilidad del sector, aprovecha nuestra experiencia en el sector. R\u00e1pidez Analizamos tus necesidades y te ofrecemos las mejores soluciones,&hellip;&nbsp;<a href=\"http:\/\/www.dfibras.es\/\" class=\"\" rel=\"bookmark\">Leer m\u00e1s &raquo;<span class=\"screen-reader-text\">Inicio<\/span><\/a><\/p>\n","protected":false},"author":1,"featured_media":0,"parent":0,"menu_order":0,"comment_status":"closed","ping_status":"closed","template":"","meta":{"neve_meta_sidebar":"default","neve_meta_container":"default","neve_meta_enable_content_width":"on","neve_meta_content_width":100,"neve_meta_title_alignment":"","neve_meta_author_avatar":"","neve_post_elements_order":"","neve_meta_disable_header":"","neve_meta_disable_footer":"","neve_meta_disable_title":"on","_themeisle_gutenberg_block_has_review":false,"_ti_tpc_template_sync":false,"_ti_tpc_template_id":"cwhkd9lki581rusuhjti"},"_links":{"self":[{"href":"http:\/\/www.dfibras.es\/index.php?rest_route=\/wp\/v2\/pages\/5"}],"collection":[{"href":"http:\/\/www.dfibras.es\/index.php?rest_route=\/wp\/v2\/pages"}],"about":[{"href":"http:\/\/www.dfibras.es\/index.php?rest_route=\/wp\/v2\/types\/page"}],"author":[{"embeddable":true,"href":"http:\/\/www.dfibras.es\/index.php?rest_route=\/wp\/v2\/users\/1"}],"replies":[{"embeddable":true,"href":"http:\/\/www.dfibras.es\/index.php?rest_route=%2Fwp%2Fv2%2Fcomments&post=5"}],"version-history":[{"count":22,"href":"http:\/\/www.dfibras.es\/index.php?rest_route=\/wp\/v2\/pages\/5\/revisions"}],"predecessor-version":[{"id":508,"href":"http:\/\/www.dfibras.es\/index.php?rest_route=\/wp\/v2\/pages\/5\/revisions\/508"}],"wp:attachment":[{"href":"http:\/\/www.dfibras.es\/index.php?rest_route=%2Fwp%2Fv2%2Fmedia&parent=5"}],"curies":[{"name":"wp","href":"https:\/\/api.w.org\/{rel}","templated":true}]}}